{"id":107503,"date":"2022-09-19T12:21:55","date_gmt":"2022-09-19T10:21:55","guid":{"rendered":"https:\/\/sgscards.com\/notre-processus\/"},"modified":"2023-12-12T19:18:35","modified_gmt":"2023-12-12T18:18:35","slug":"processus","status":"publish","type":"page","link":"https:\/\/sgscards.com\/en\/processus\/","title":{"rendered":"Notre Processus"},"content":{"rendered":"<div class=\"wpb-content-wrapper\"><p>[vc_row row_height_percent=&#8221;0&#8243; override_padding=&#8221;yes&#8221; h_padding=&#8221;2&#8243; top_padding=&#8221;3&#8243; bottom_padding=&#8221;3&#8243; overlay_alpha=&#8221;50&#8243; gutter_size=&#8221;3&#8243; column_width_percent=&#8221;100&#8243; shift_y=&#8221;0&#8243; z_index=&#8221;0&#8243; uncode_shortcode_id=&#8221;173581&#8243;][vc_column column_width_percent=&#8221;100&#8243; gutter_size=&#8221;3&#8243; overlay_alpha=&#8221;50&#8243; shift_x=&#8221;0&#8243; shift_y=&#8221;0&#8243; shift_y_down=&#8221;0&#8243; z_index=&#8221;0&#8243; medium_visibility=&#8221;yes&#8221; medium_width=&#8221;0&#8243; mobile_visibility=&#8221;yes&#8221; mobile_width=&#8221;0&#8243; width=&#8221;2\/12&#8243; uncode_shortcode_id=&#8221;499726&#8243;][\/vc_column][vc_column column_width_percent=&#8221;100&#8243; align_horizontal=&#8221;align_center&#8221; gutter_size=&#8221;3&#8243; overlay_alpha=&#8221;50&#8243; shift_x=&#8221;0&#8243; shift_y=&#8221;0&#8243; shift_y_down=&#8221;0&#8243; z_index=&#8221;0&#8243; medium_width=&#8221;0&#8243; mobile_width=&#8221;0&#8243; width=&#8221;8\/12&#8243; uncode_shortcode_id=&#8221;116533&#8243;][vc_custom_heading text_color=&#8221;color-nhtu&#8221; text_size=&#8221;h3&#8243; text_weight=&#8221;700&#8243; uncode_shortcode_id=&#8221;104910&#8243; text_color_type=&#8221;uncode-palette&#8221;]Safeguard met un point d&#8217;honneur \u00e0 d\u00e9livrer \u00e0 chaque collectionneur et pour chaque carte, le meilleur service possible. De la r\u00e9ception de votre commande \u00e0 son exp\u00e9dition, <strong>nous sommes l\u00e0 pour vous<\/strong>.[\/vc_custom_heading][\/vc_column][vc_column column_width_percent=&#8221;100&#8243; gutter_size=&#8221;3&#8243; overlay_alpha=&#8221;50&#8243; shift_x=&#8221;0&#8243; shift_y=&#8221;0&#8243; shift_y_down=&#8221;0&#8243; z_index=&#8221;0&#8243; medium_visibility=&#8221;yes&#8221; medium_width=&#8221;0&#8243; mobile_visibility=&#8221;yes&#8221; mobile_width=&#8221;0&#8243; width=&#8221;2\/12&#8243; uncode_shortcode_id=&#8221;615184&#8243;][\/vc_column][\/vc_row][vc_row row_height_percent=&#8221;0&#8243; override_padding=&#8221;yes&#8221; h_padding=&#8221;2&#8243; top_padding=&#8221;2&#8243; bottom_padding=&#8221;2&#8243; overlay_alpha=&#8221;50&#8243; gutter_size=&#8221;3&#8243; column_width_percent=&#8221;100&#8243; shift_y=&#8221;0&#8243; z_index=&#8221;0&#8243; uncode_shortcode_id=&#8221;204458&#8243;][vc_column column_width_percent=&#8221;100&#8243; gutter_size=&#8221;3&#8243; overlay_alpha=&#8221;50&#8243; shift_x=&#8221;0&#8243; shift_y=&#8221;0&#8243; shift_y_down=&#8221;0&#8243; z_index=&#8221;0&#8243; medium_width=&#8221;0&#8243; mobile_visibility=&#8221;yes&#8221; mobile_width=&#8221;0&#8243; width=&#8221;2\/12&#8243; uncode_shortcode_id=&#8221;129121&#8243;][\/vc_column][vc_column column_width_percent=&#8221;100&#8243; align_horizontal=&#8221;align_center&#8221; gutter_size=&#8221;3&#8243; overlay_alpha=&#8221;50&#8243; shift_x=&#8221;0&#8243; shift_y=&#8221;0&#8243; shift_y_down=&#8221;0&#8243; z_index=&#8221;0&#8243; medium_width=&#8221;0&#8243; mobile_width=&#8221;0&#8243; width=&#8221;8\/12&#8243; uncode_shortcode_id=&#8221;203731&#8243;][vc_custom_heading text_color=&#8221;color-nhtu&#8221; uncode_shortcode_id=&#8221;209471&#8243; text_color_type=&#8221;uncode-palette&#8221; el_class=&#8221;text-left-mobile&#8221;]Les 6 \u00e9tapes de votre commande[\/vc_custom_heading][\/vc_column][vc_column column_width_percent=&#8221;100&#8243; gutter_size=&#8221;3&#8243; overlay_alpha=&#8221;50&#8243; shift_x=&#8221;0&#8243; shift_y=&#8221;0&#8243; shift_y_down=&#8221;0&#8243; z_index=&#8221;0&#8243; medium_width=&#8221;0&#8243; mobile_visibility=&#8221;yes&#8221; mobile_width=&#8221;0&#8243; width=&#8221;2\/12&#8243; uncode_shortcode_id=&#8221;760261&#8243;][\/vc_column][\/vc_row][vc_row row_height_percent=&#8221;0&#8243; override_padding=&#8221;yes&#8221; h_padding=&#8221;3&#8243; top_padding=&#8221;2&#8243; bottom_padding=&#8221;0&#8243; overlay_alpha=&#8221;50&#8243; gutter_size=&#8221;3&#8243; column_width_percent=&#8221;100&#8243; shift_y=&#8221;0&#8243; z_index=&#8221;1&#8243; top_divider=&#8221;gradient&#8221; bottom_divider=&#8221;gradient&#8221; uncode_shortcode_id=&#8221;889300&#8243; el_class=&#8221;timeline-service&#8221;][vc_column column_width_percent=&#8221;100&#8243; gutter_size=&#8221;4&#8243; overlay_alpha=&#8221;50&#8243; shift_x=&#8221;0&#8243; shift_y=&#8221;0&#8243; shift_y_down=&#8221;0&#8243; z_index=&#8221;0&#8243; medium_width=&#8221;0&#8243; mobile_width=&#8221;0&#8243; width=&#8221;1\/1&#8243;][vc_row_inner row_inner_height_percent=&#8221;0&#8243; overlay_alpha=&#8221;50&#8243; equal_height=&#8221;yes&#8221; gutter_size=&#8221;4&#8243; shift_y=&#8221;0&#8243; z_index=&#8221;0&#8243; limit_content=&#8221;&#8221;][vc_column_inner column_width_percent=&#8221;100&#8243; gutter_size=&#8221;3&#8243; overlay_alpha=&#8221;50&#8243; shift_x=&#8221;0&#8243; shift_y=&#8221;0&#8243; shift_y_down=&#8221;0&#8243; z_index=&#8221;0&#8243; medium_visibility=&#8221;yes&#8221; medium_width=&#8221;0&#8243; mobile_visibility=&#8221;yes&#8221; mobile_width=&#8221;0&#8243; width=&#8221;2\/12&#8243; uncode_shortcode_id=&#8221;816094&#8243;][\/vc_column_inner][vc_column_inner width=&#8221;8\/12&#8243;][vc_icon position=&#8221;left&#8221; title_aligned_icon=&#8221;yes&#8221; icon_image=&#8221;103701&#8243; icon_color=&#8221;accent&#8221; add_margin=&#8221;yes&#8221; title=&#8221;1. La r\u00e9ception&#8221; link=&#8221;|||&#8221; uncode_shortcode_id=&#8221;122044&#8243; icon_color_type=&#8221;uncode-palette&#8221;]<\/p>\n<p class=\"p1\">Chaque commande est int\u00e9gralement film\u00e9e lors de l<span class=\"s1\">\u2019<\/span>ouverture du colis par nos soins.<\/p>\n<p class=\"p1\">Apr\u00e8s v\u00e9rification de la concordance exacte des cartes re\u00e7ues avec celles mentionn\u00e9es sur le bordereau d&#8217;envoi, chaque commande est plac\u00e9e dans un <b>espace s\u00e9curis\u00e9<\/b> et <b>sous<\/b> <b>vid\u00e9osurveillance<\/b>.<\/p>\n<p class=\"p1\">Les cartes resteront alors jointes pendant toute la dur\u00e9e de leur traitement au bordereau d&#8217;envoi anonyme pour en assurer la <strong>tra\u00e7abilit\u00e9 interne<\/strong> et garantir une <strong>impartialit\u00e9 totale<\/strong> de traitement.<\/p>\n<p>[\/vc_icon][\/vc_column_inner][vc_column_inner width=&#8221;2\/12&#8243;][\/vc_column_inner][\/vc_row_inner][vc_row_inner row_inner_height_percent=&#8221;0&#8243; overlay_alpha=&#8221;50&#8243; equal_height=&#8221;yes&#8221; gutter_size=&#8221;4&#8243; shift_y=&#8221;0&#8243; z_index=&#8221;0&#8243; limit_content=&#8221;&#8221;][vc_column_inner column_width_percent=&#8221;100&#8243; gutter_size=&#8221;3&#8243; overlay_alpha=&#8221;50&#8243; shift_x=&#8221;0&#8243; shift_y=&#8221;0&#8243; shift_y_down=&#8221;0&#8243; z_index=&#8221;0&#8243; medium_visibility=&#8221;yes&#8221; medium_width=&#8221;0&#8243; mobile_visibility=&#8221;yes&#8221; mobile_width=&#8221;0&#8243; width=&#8221;2\/12&#8243; uncode_shortcode_id=&#8221;126320&#8243;][\/vc_column_inner][vc_column_inner width=&#8221;8\/12&#8243;][vc_icon position=&#8221;left&#8221; title_aligned_icon=&#8221;yes&#8221; icon_image=&#8221;103702&#8243; icon_color=&#8221;accent&#8221; add_margin=&#8221;yes&#8221; title=&#8221;2. La notation&#8221; link=&#8221;|||&#8221; uncode_shortcode_id=&#8221;140424&#8243; icon_color_type=&#8221;uncode-palette&#8221;]<\/p>\n<p class=\"p1\">Nos noteurs <b>v\u00e9rifient d\u2019abord l\u2019authenticit\u00e9<\/b> de chaque carte afin de d\u00e9tecter les contrefa\u00e7ons et s&#8217;assurent ensuite de l&#8217;absence de marques d\u2019alt\u00e9ration (encrage, reback, restauration de teintes, etc.).<\/p>\n<p class=\"p1\">L\u2019\u00e9tat de chaque carte est ensuite \u00e9valu\u00e9 selon plusieurs crit\u00e8res distincts. Pour plus d<span class=\"s1\">\u2019<\/span>informations, veuillez consulter la page <span class=\"link-blue\"><a href=\"https:\/\/sgscards.com\/en\/experience\/expertise\/\"><span class=\"s2\">Notre Expertise<\/span><\/a><\/span> ainsi que notre <span class=\"link-blue\"><a href=\"https:\/\/sgscards.com\/en\/experience\/grading-scale\/\"><span class=\"s2\">\u00c9chelle de notation<\/span><\/a><\/span>.<span class=\"Apple-converted-space\">\u00a0<\/span><\/p>\n<p>[\/vc_icon][\/vc_column_inner][vc_column_inner width=&#8221;2\/12&#8243;][\/vc_column_inner][\/vc_row_inner][vc_row_inner row_inner_height_percent=&#8221;0&#8243; overlay_alpha=&#8221;50&#8243; equal_height=&#8221;yes&#8221; gutter_size=&#8221;4&#8243; shift_y=&#8221;0&#8243; z_index=&#8221;0&#8243; limit_content=&#8221;&#8221;][vc_column_inner column_width_percent=&#8221;100&#8243; gutter_size=&#8221;3&#8243; overlay_alpha=&#8221;50&#8243; shift_x=&#8221;0&#8243; shift_y=&#8221;0&#8243; shift_y_down=&#8221;0&#8243; z_index=&#8221;0&#8243; medium_visibility=&#8221;yes&#8221; medium_width=&#8221;0&#8243; mobile_visibility=&#8221;yes&#8221; mobile_width=&#8221;0&#8243; width=&#8221;2\/12&#8243; uncode_shortcode_id=&#8221;146708&#8243;][\/vc_column_inner][vc_column_inner width=&#8221;8\/12&#8243;][vc_icon position=&#8221;left&#8221; title_aligned_icon=&#8221;yes&#8221; icon_image=&#8221;103703&#8243; icon_color=&#8221;accent&#8221; add_margin=&#8221;yes&#8221; title=&#8221;3. L\u2019enregistrement dans la base de donn\u00e9es&#8221; link=&#8221;|||&#8221; uncode_shortcode_id=&#8221;155341&#8243; icon_color_type=&#8221;uncode-palette&#8221;]<\/p>\n<p class=\"p1\">Une fois sa note finale attribu\u00e9e, chaque carte est int\u00e9gr\u00e9e \u00e0 notre base de donn\u00e9es. C\u2019est ce qui permettra de v\u00e9rifier l\u2019authenticit\u00e9 de votre \u00e9crin Safeguard et de la notation de votre carte gr\u00e2ce \u00e0 son num\u00e9ro de certification unique.<\/p>\n<p class=\"p1\"><b>Consultez la base de donn\u00e9es <\/b>de l\u2019ensemble des cartes certifi\u00e9es par l\u2019entreprise en saisissant vos recherches au sein de la page <span class=\"link-blue\"><a href=\"https:\/\/sgscards.com\/en\/population-3\/\"><span class=\"s2\">Population<\/span><\/a><\/span>.<\/p>\n<p>[\/vc_icon][\/vc_column_inner][vc_column_inner width=&#8221;2\/12&#8243;][\/vc_column_inner][\/vc_row_inner][vc_row_inner row_inner_height_percent=&#8221;0&#8243; overlay_alpha=&#8221;50&#8243; equal_height=&#8221;yes&#8221; gutter_size=&#8221;4&#8243; shift_y=&#8221;0&#8243; z_index=&#8221;0&#8243; limit_content=&#8221;&#8221;][vc_column_inner column_width_percent=&#8221;100&#8243; gutter_size=&#8221;3&#8243; overlay_alpha=&#8221;50&#8243; shift_x=&#8221;0&#8243; shift_y=&#8221;0&#8243; shift_y_down=&#8221;0&#8243; z_index=&#8221;0&#8243; medium_visibility=&#8221;yes&#8221; medium_width=&#8221;0&#8243; mobile_visibility=&#8221;yes&#8221; mobile_width=&#8221;0&#8243; width=&#8221;2\/12&#8243; uncode_shortcode_id=&#8221;584911&#8243;][\/vc_column_inner][vc_column_inner width=&#8221;8\/12&#8243;][vc_icon position=&#8221;left&#8221; title_aligned_icon=&#8221;yes&#8221; icon_image=&#8221;103704&#8243; icon_color=&#8221;accent&#8221; add_margin=&#8221;yes&#8221; title=&#8221;4. Le scellage&#8221; link=&#8221;|||&#8221; uncode_shortcode_id=&#8221;983072&#8243; icon_color_type=&#8221;uncode-palette&#8221;]<\/p>\n<p class=\"p1\"><span class=\"s1\">Chaque carte est d\u00e9licatement ins\u00e9r\u00e9e dans une <b>sleeve archivistique<\/b> totalement inerte, dot\u00e9e d&#8217;un haut niveau de transparence et reconnue pour sa grande durabilit\u00e9 afin de pr\u00e9server chacune de vos cartes de la meilleure fa\u00e7on qui soit.<\/span><\/p>\n<p class=\"p1\"><span class=\"s1\">Avec son \u00e9tiquette de s\u00e9curit\u00e9 unique, votre carte est ensuite encapsul\u00e9e \u00e0 l\u2019int\u00e9rieur de notre \u00e9tui, pr\u00e9alablement <strong>purifi\u00e9<\/strong> par un puissant flux d&#8217;air puls\u00e9 ionis\u00e9 et ensuite <b>soud\u00e9 par ultrasons<\/b>.<\/span><\/p>\n<p>[\/vc_icon][\/vc_column_inner][vc_column_inner width=&#8221;2\/12&#8243;][\/vc_column_inner][\/vc_row_inner][vc_row_inner row_inner_height_percent=&#8221;0&#8243; overlay_alpha=&#8221;50&#8243; equal_height=&#8221;yes&#8221; gutter_size=&#8221;4&#8243; shift_y=&#8221;0&#8243; z_index=&#8221;0&#8243; limit_content=&#8221;&#8221;][vc_column_inner column_width_percent=&#8221;100&#8243; gutter_size=&#8221;3&#8243; overlay_alpha=&#8221;50&#8243; shift_x=&#8221;0&#8243; shift_y=&#8221;0&#8243; shift_y_down=&#8221;0&#8243; z_index=&#8221;0&#8243; medium_visibility=&#8221;yes&#8221; medium_width=&#8221;0&#8243; mobile_visibility=&#8221;yes&#8221; mobile_width=&#8221;0&#8243; width=&#8221;2\/12&#8243; uncode_shortcode_id=&#8221;201834&#8243;][\/vc_column_inner][vc_column_inner width=&#8221;8\/12&#8243;][vc_icon position=&#8221;left&#8221; title_aligned_icon=&#8221;yes&#8221; icon_image=&#8221;103705&#8243; icon_color=&#8221;accent&#8221; add_margin=&#8221;yes&#8221; title=&#8221;5. Le contr\u00f4le qualit\u00e9&#8221; link=&#8221;|||&#8221; uncode_shortcode_id=&#8221;156066&#8243; icon_color_type=&#8221;uncode-palette&#8221;]<\/p>\n<p class=\"p1\">\u00c9tape cruciale du traitement de votre commande, notre contr\u00f4le qualit\u00e9 inspecte minutieusement chaque \u00e9tui pour s<span class=\"s1\">\u2019<\/span>assurer qu<span class=\"s1\">\u2019<\/span>il corresponde \u00e0 <b>l\u2019exigence de nos standards de qualit\u00e9 <\/b>et ne pr\u00e9sente aucun d\u00e9faut d&#8217;injection, de contamination, de soudure et aucune erreur d\u2019\u00e9tiquetage.<\/p>\n<p class=\"p1\">C<span class=\"s1\">\u2019<\/span>est ici que nous nous assurons qu\u2019en les recevant, vous soyez de nouveau \u00e9merveill\u00e9(e) comme au premier jour, en retrouvant vos cartes sublim\u00e9es dans notre \u00e9crin.<\/p>\n<p>[\/vc_icon][\/vc_column_inner][vc_column_inner width=&#8221;2\/12&#8243;][\/vc_column_inner][\/vc_row_inner][vc_row_inner row_inner_height_percent=&#8221;0&#8243; overlay_alpha=&#8221;50&#8243; equal_height=&#8221;yes&#8221; gutter_size=&#8221;4&#8243; shift_y=&#8221;0&#8243; z_index=&#8221;0&#8243; limit_content=&#8221;&#8221;][vc_column_inner column_width_percent=&#8221;100&#8243; gutter_size=&#8221;3&#8243; overlay_alpha=&#8221;50&#8243; shift_x=&#8221;0&#8243; shift_y=&#8221;0&#8243; shift_y_down=&#8221;0&#8243; z_index=&#8221;0&#8243; medium_visibility=&#8221;yes&#8221; medium_width=&#8221;0&#8243; mobile_visibility=&#8221;yes&#8221; mobile_width=&#8221;0&#8243; width=&#8221;2\/12&#8243; uncode_shortcode_id=&#8221;121290&#8243;][\/vc_column_inner][vc_column_inner width=&#8221;8\/12&#8243;][vc_icon position=&#8221;left&#8221; title_aligned_icon=&#8221;yes&#8221; icon_image=&#8221;103706&#8243; icon_color=&#8221;accent&#8221; add_margin=&#8221;yes&#8221; title=&#8221;6. L\u2019exp\u00e9dition&#8221; link=&#8221;|||&#8221; uncode_shortcode_id=&#8221;802136&#8243; icon_color_type=&#8221;uncode-palette&#8221;]<\/p>\n<p class=\"p1\">Nos pr\u00e9parateurs de commandes prennent le temps de<b> recompter vos cartes et de v\u00e9rifier de nouveau leur concordance<\/b> avec votre commande. Drap\u00e9s d\u2019un film protecteur, vos \u00e9tuis sont alors prot\u00e9g\u00e9s avec soin et en toute s\u00e9curit\u00e9 pour leur retour vers chez vous dans nos <b>coffrets de rangement <\/b>(\u00e0 partir de 10 \u00e9tuis).<\/p>\n<p>[\/vc_icon][\/vc_column_inner][vc_column_inner width=&#8221;2\/12&#8243;][\/vc_column_inner][\/vc_row_inner][\/vc_column][\/vc_row][vc_row][vc_column width=&#8221;1\/1&#8243;][vc_single_image media=&#8221;106692&#8243; media_width_percent=&#8221;100&#8243; uncode_shortcode_id=&#8221;136366&#8243;][\/vc_column][\/vc_row]<\/p>\n<\/div>","protected":false},"excerpt":{"rendered":"<p>[vc_row row_height_percent=&#8221;0&#8243; override_padding=&#8221;yes&#8221; h_padding=&#8221;2&#8243; top_padding=&#8221;3&#8243; bottom_padding=&#8221;3&#8243; overlay_alpha=&#8221;50&#8243; gutter_size=&#8221;3&#8243; column_width_percent=&#8221;100&#8243; shift_y=&#8221;0&#8243; z_index=&#8221;0&#8243; uncode_shortcode_id=&#8221;173581&#8243;][vc_column column_width_percent=&#8221;100&#8243; gutter_size=&#8221;3&#8243; overlay_alpha=&#8221;50&#8243; shift_x=&#8221;0&#8243; shift_y=&#8221;0&#8243; shift_y_down=&#8221;0&#8243; z_index=&#8221;0&#8243; medium_visibility=&#8221;yes&#8221; [&hellip;]<\/p>\n","protected":false},"author":1,"featured_media":0,"parent":0,"menu_order":0,"comment_status":"closed","ping_status":"closed","template":"","meta":{"footnotes":""},"class_list":["post-107503","page","type-page","status-publish","hentry"],"yoast_head":"<!-- This site is optimized with the Yoast SEO plugin v27.4 - https:\/\/yoast.com\/product\/yoast-seo-wordpress\/ -->\n<title>Notre Processus - SGS SAFEGUARD GRADING SERVICES<\/title>\n<meta name=\"description\" content=\"Safeguard met un point d&#039;honneur \u00e0 d\u00e9livrer le meilleur service possible. De la r\u00e9ception de votre commande \u00e0 son exp\u00e9dition.\" \/>\n<meta name=\"robots\" content=\"index, follow, max-snippet:-1, max-image-preview:large, max-video-preview:-1\" \/>\n<link rel=\"canonical\" href=\"https:\/\/sgscards.com\/en\/processus\/\" \/>\n<meta property=\"og:locale\" content=\"en_US\" \/>\n<meta property=\"og:type\" content=\"article\" \/>\n<meta property=\"og:title\" content=\"Notre Processus - SGS SAFEGUARD GRADING SERVICES\" \/>\n<meta property=\"og:description\" content=\"Safeguard met un point d&#039;honneur \u00e0 d\u00e9livrer le meilleur service possible. De la r\u00e9ception de votre commande \u00e0 son exp\u00e9dition.\" \/>\n<meta property=\"og:url\" content=\"https:\/\/sgscards.com\/en\/processus\/\" \/>\n<meta property=\"og:site_name\" content=\"SGS SAFEGUARD GRADING SERVICES\" \/>\n<meta property=\"article:modified_time\" content=\"2023-12-12T18:18:35+00:00\" \/>\n<meta name=\"twitter:card\" content=\"summary_large_image\" \/>\n<meta name=\"twitter:label1\" content=\"Est. reading time\" \/>\n\t<meta name=\"twitter:data1\" content=\"7 minutes\" \/>\n<script type=\"application\/ld+json\" class=\"yoast-schema-graph\">{\"@context\":\"https:\\\/\\\/schema.org\",\"@graph\":[{\"@type\":\"WebPage\",\"@id\":\"https:\\\/\\\/sgscards.com\\\/en\\\/processus\\\/\",\"url\":\"https:\\\/\\\/sgscards.com\\\/en\\\/processus\\\/\",\"name\":\"Notre Processus - SGS SAFEGUARD GRADING SERVICES\",\"isPartOf\":{\"@id\":\"https:\\\/\\\/sgscards.com\\\/en\\\/#website\"},\"datePublished\":\"2022-09-19T10:21:55+00:00\",\"dateModified\":\"2023-12-12T18:18:35+00:00\",\"description\":\"Safeguard met un point d'honneur \u00e0 d\u00e9livrer le meilleur service possible. De la r\u00e9ception de votre commande \u00e0 son exp\u00e9dition.\",\"breadcrumb\":{\"@id\":\"https:\\\/\\\/sgscards.com\\\/en\\\/processus\\\/#breadcrumb\"},\"inLanguage\":\"en-US\",\"potentialAction\":[{\"@type\":\"ReadAction\",\"target\":[\"https:\\\/\\\/sgscards.com\\\/en\\\/processus\\\/\"]}]},{\"@type\":\"BreadcrumbList\",\"@id\":\"https:\\\/\\\/sgscards.com\\\/en\\\/processus\\\/#breadcrumb\",\"itemListElement\":[{\"@type\":\"ListItem\",\"position\":1,\"name\":\"Accueil\",\"item\":\"https:\\\/\\\/sgscards.com\\\/en\\\/\"},{\"@type\":\"ListItem\",\"position\":2,\"name\":\"Notre Processus\"}]},{\"@type\":\"WebSite\",\"@id\":\"https:\\\/\\\/sgscards.com\\\/en\\\/#website\",\"url\":\"https:\\\/\\\/sgscards.com\\\/en\\\/\",\"name\":\"SGS SAFEGUARD GRADING SERVICES\",\"description\":\"Certification de cartes \u00e0 jouer\",\"publisher\":{\"@id\":\"https:\\\/\\\/sgscards.com\\\/en\\\/#organization\"},\"potentialAction\":[{\"@type\":\"SearchAction\",\"target\":{\"@type\":\"EntryPoint\",\"urlTemplate\":\"https:\\\/\\\/sgscards.com\\\/en\\\/?s={search_term_string}\"},\"query-input\":{\"@type\":\"PropertyValueSpecification\",\"valueRequired\":true,\"valueName\":\"search_term_string\"}}],\"inLanguage\":\"en-US\"},{\"@type\":\"Organization\",\"@id\":\"https:\\\/\\\/sgscards.com\\\/en\\\/#organization\",\"name\":\"SGS SAFEGUARD GRADING SERVICES\",\"url\":\"https:\\\/\\\/sgscards.com\\\/en\\\/\",\"logo\":{\"@type\":\"ImageObject\",\"inLanguage\":\"en-US\",\"@id\":\"https:\\\/\\\/sgscards.com\\\/en\\\/#\\\/schema\\\/logo\\\/image\\\/\",\"url\":\"https:\\\/\\\/sgscards.com\\\/wp-content\\\/uploads\\\/2022\\\/04\\\/logo-SGS.svg\",\"contentUrl\":\"https:\\\/\\\/sgscards.com\\\/wp-content\\\/uploads\\\/2022\\\/04\\\/logo-SGS.svg\",\"width\":127599,\"height\":60,\"caption\":\"SGS SAFEGUARD GRADING SERVICES\"},\"image\":{\"@id\":\"https:\\\/\\\/sgscards.com\\\/en\\\/#\\\/schema\\\/logo\\\/image\\\/\"}}]}<\/script>\n<!-- \/ Yoast SEO plugin. -->","yoast_head_json":{"title":"Notre Processus - SGS SAFEGUARD GRADING SERVICES","description":"Safeguard met un point d'honneur \u00e0 d\u00e9livrer le meilleur service possible. De la r\u00e9ception de votre commande \u00e0 son exp\u00e9dition.","robots":{"index":"index","follow":"follow","max-snippet":"max-snippet:-1","max-image-preview":"max-image-preview:large","max-video-preview":"max-video-preview:-1"},"canonical":"https:\/\/sgscards.com\/en\/processus\/","og_locale":"en_US","og_type":"article","og_title":"Notre Processus - SGS SAFEGUARD GRADING SERVICES","og_description":"Safeguard met un point d'honneur \u00e0 d\u00e9livrer le meilleur service possible. De la r\u00e9ception de votre commande \u00e0 son exp\u00e9dition.","og_url":"https:\/\/sgscards.com\/en\/processus\/","og_site_name":"SGS SAFEGUARD GRADING SERVICES","article_modified_time":"2023-12-12T18:18:35+00:00","twitter_card":"summary_large_image","twitter_misc":{"Est. reading time":"7 minutes"},"schema":{"@context":"https:\/\/schema.org","@graph":[{"@type":"WebPage","@id":"https:\/\/sgscards.com\/en\/processus\/","url":"https:\/\/sgscards.com\/en\/processus\/","name":"Notre Processus - SGS SAFEGUARD GRADING SERVICES","isPartOf":{"@id":"https:\/\/sgscards.com\/en\/#website"},"datePublished":"2022-09-19T10:21:55+00:00","dateModified":"2023-12-12T18:18:35+00:00","description":"Safeguard met un point d'honneur \u00e0 d\u00e9livrer le meilleur service possible. De la r\u00e9ception de votre commande \u00e0 son exp\u00e9dition.","breadcrumb":{"@id":"https:\/\/sgscards.com\/en\/processus\/#breadcrumb"},"inLanguage":"en-US","potentialAction":[{"@type":"ReadAction","target":["https:\/\/sgscards.com\/en\/processus\/"]}]},{"@type":"BreadcrumbList","@id":"https:\/\/sgscards.com\/en\/processus\/#breadcrumb","itemListElement":[{"@type":"ListItem","position":1,"name":"Accueil","item":"https:\/\/sgscards.com\/en\/"},{"@type":"ListItem","position":2,"name":"Notre Processus"}]},{"@type":"WebSite","@id":"https:\/\/sgscards.com\/en\/#website","url":"https:\/\/sgscards.com\/en\/","name":"SGS SAFEGUARD GRADING SERVICES","description":"Certification de cartes \u00e0 jouer","publisher":{"@id":"https:\/\/sgscards.com\/en\/#organization"},"potentialAction":[{"@type":"SearchAction","target":{"@type":"EntryPoint","urlTemplate":"https:\/\/sgscards.com\/en\/?s={search_term_string}"},"query-input":{"@type":"PropertyValueSpecification","valueRequired":true,"valueName":"search_term_string"}}],"inLanguage":"en-US"},{"@type":"Organization","@id":"https:\/\/sgscards.com\/en\/#organization","name":"SGS SAFEGUARD GRADING SERVICES","url":"https:\/\/sgscards.com\/en\/","logo":{"@type":"ImageObject","inLanguage":"en-US","@id":"https:\/\/sgscards.com\/en\/#\/schema\/logo\/image\/","url":"https:\/\/sgscards.com\/wp-content\/uploads\/2022\/04\/logo-SGS.svg","contentUrl":"https:\/\/sgscards.com\/wp-content\/uploads\/2022\/04\/logo-SGS.svg","width":127599,"height":60,"caption":"SGS SAFEGUARD GRADING SERVICES"},"image":{"@id":"https:\/\/sgscards.com\/en\/#\/schema\/logo\/image\/"}}]}},"_links":{"self":[{"href":"https:\/\/sgscards.com\/en\/wp-json\/wp\/v2\/pages\/107503","targetHints":{"allow":["GET"]}}],"collection":[{"href":"https:\/\/sgscards.com\/en\/wp-json\/wp\/v2\/pages"}],"about":[{"href":"https:\/\/sgscards.com\/en\/wp-json\/wp\/v2\/types\/page"}],"author":[{"embeddable":true,"href":"https:\/\/sgscards.com\/en\/wp-json\/wp\/v2\/users\/1"}],"replies":[{"embeddable":true,"href":"https:\/\/sgscards.com\/en\/wp-json\/wp\/v2\/comments?post=107503"}],"version-history":[{"count":0,"href":"https:\/\/sgscards.com\/en\/wp-json\/wp\/v2\/pages\/107503\/revisions"}],"wp:attachment":[{"href":"https:\/\/sgscards.com\/en\/wp-json\/wp\/v2\/media?parent=107503"}],"curies":[{"name":"wp","href":"https:\/\/api.w.org\/{rel}","templated":true}]}}